{"id":14903,"date":"2025-03-26T09:48:32","date_gmt":"2025-03-26T14:48:32","guid":{"rendered":"https:\/\/tiendaflex.ec\/?post_type=product&#038;p=14903"},"modified":"2025-06-03T22:49:35","modified_gmt":"2025-06-04T03:49:35","slug":"colchon-continental-de-lujo-tradicional-chaide-chaide","status":"publish","type":"product","link":"https:\/\/tiendaflex.ec\/en\/product\/colchon-continental-de-lujo-tradicional-chaide-chaide\/","title":{"rendered":"Continental de Lujo Tradicional &#8211; Chaide &#038; Chaide"},"content":{"rendered":"","protected":false},"excerpt":{"rendered":"<p>Descubre el equilibrio perfecto entre elegancia, confort y soporte con el Colch\u00f3n Continental de Lujo Tradicional. Su dise\u00f1o premium ofrece firmeza, adaptabilidad y durabilidad, brind\u00e1ndote un descanso inigualable noche tras noche.<\/p>\n<p>\u2714 Tecnolog\u00eda de resortes para un soporte \u00f3ptimo \ud83c\udf00<br \/>\n\u2714 Capas de confort premium para mayor suavidad \u2601\ufe0f<br \/>\n\u2714 Dise\u00f1o cl\u00e1sico y elegante que realza cualquier habitaci\u00f3n \ud83c\udfe1<br \/>\n\u2714 M\u00e1xima durabilidad y resistencia para un descanso prolongado \u23f3<\/p>\n<p>\ud83d\udcde+593984123231<\/p>","protected":false},"featured_media":15044,"comment_status":"open","ping_status":"closed","template":"","meta":{"_acf_changed":false},"product_brand":[],"product_cat":[543],"product_tag":[],"class_list":{"0":"post-14903","1":"product","2":"type-product","3":"status-publish","4":"has-post-thumbnail","6":"product_cat-colchones","8":"first","9":"instock","10":"sale","11":"taxable","12":"shipping-taxable","13":"purchasable","14":"product-type-variable","15":"has-default-attributes"},"acf":[],"_links":{"self":[{"href":"https:\/\/tiendaflex.ec\/en\/wp-json\/wp\/v2\/product\/14903","targetHints":{"allow":["GET"]}}],"collection":[{"href":"https:\/\/tiendaflex.ec\/en\/wp-json\/wp\/v2\/product"}],"about":[{"href":"https:\/\/tiendaflex.ec\/en\/wp-json\/wp\/v2\/types\/product"}],"replies":[{"embeddable":true,"href":"https:\/\/tiendaflex.ec\/en\/wp-json\/wp\/v2\/comments?post=14903"}],"version-history":[{"count":2,"href":"https:\/\/tiendaflex.ec\/en\/wp-json\/wp\/v2\/product\/14903\/revisions"}],"predecessor-version":[{"id":15536,"href":"https:\/\/tiendaflex.ec\/en\/wp-json\/wp\/v2\/product\/14903\/revisions\/15536"}],"wp:featuredmedia":[{"embeddable":true,"href":"https:\/\/tiendaflex.ec\/en\/wp-json\/wp\/v2\/media\/15044"}],"wp:attachment":[{"href":"https:\/\/tiendaflex.ec\/en\/wp-json\/wp\/v2\/media?parent=14903"}],"wp:term":[{"taxonomy":"product_brand","embeddable":true,"href":"https:\/\/tiendaflex.ec\/en\/wp-json\/wp\/v2\/product_brand?post=14903"},{"taxonomy":"product_cat","embeddable":true,"href":"https:\/\/tiendaflex.ec\/en\/wp-json\/wp\/v2\/product_cat?post=14903"},{"taxonomy":"product_tag","embeddable":true,"href":"https:\/\/tiendaflex.ec\/en\/wp-json\/wp\/v2\/product_tag?post=14903"}],"curies":[{"name":"wp","href":"https:\/\/api.w.org\/{rel}","templated":true}]}}