{"id":14876,"date":"2025-03-26T09:09:14","date_gmt":"2025-03-26T14:09:14","guid":{"rendered":"https:\/\/tiendaflex.ec\/?post_type=product&#038;p=14876"},"modified":"2025-04-15T23:07:03","modified_gmt":"2025-04-16T04:07:03","slug":"kit-01-alarma-cableada-4-zonas-paradox","status":"publish","type":"product","link":"https:\/\/tiendaflex.ec\/en\/product\/kit-01-alarma-cableada-4-zonas-paradox\/","title":{"rendered":"KIT 01 ALARMA CABLEADA 4 ZONAS \u2013 PARADOX"},"content":{"rendered":"","protected":false},"excerpt":{"rendered":"<p>El KIT 01 ALARMA CABLEADA 4 ZONAS de Paradox te proporciona un sistema de seguridad avanzado, con soporte para zonas inal\u00e1mbricas y cableadas, y una f\u00e1cil instalaci\u00f3n. Ideal para mantener tu propiedad protegida de cualquier amenaza, este kit incluye todo lo necesario para una instalaci\u00f3n completa y eficiente.<\/p>\n<p>\ud83d\udd39<strong>CARACTERISTICAS:<\/strong><\/p>\n<p>\u2013 Soporta expansor de zonas inal\u00e1mbricas.<br \/>\n\u2013 Soporta expansor de zonas cableadas.<br \/>\n\u2013 Soporta zona en teclado (m\u00e1ximo 15 teclados).<br \/>\n\u2013 Dos particiones (no compatible con teclado K636).<\/p>\n<p>\ud83d\udd39 Kit Incluye:<br \/>\n\u2714 Central de alarma de 4 zonas<br \/>\n\u2714 Teclado LED cableado de 10 zonas<br \/>\n\u2714 Gabinete met\u00e1lico<br \/>\n\u2714 Transformador<br \/>\n\u2714 Detector de movimiento<br \/>\n\u2714 Contacto magn\u00e9tico<br \/>\n\u2714 Bater\u00eda recargable de 4 Amp<br \/>\n\u2714 Sirena de 15w<\/p>\n<p>\ud83d\udcde Cont\u00e1ctanos para m\u00e1s informaci\u00f3n: +593984123231<\/p>","protected":false},"featured_media":14877,"comment_status":"open","ping_status":"closed","template":"","meta":{"_acf_changed":false},"product_brand":[],"product_cat":[580,547],"product_tag":[],"class_list":{"0":"post-14876","1":"product","2":"type-product","3":"status-publish","4":"has-post-thumbnail","6":"product_cat-alarmas","7":"product_cat-tecnologia-del-hogar","9":"first","10":"instock","11":"sale","12":"taxable","13":"shipping-taxable","14":"purchasable","15":"product-type-simple"},"acf":[],"_links":{"self":[{"href":"https:\/\/tiendaflex.ec\/en\/wp-json\/wp\/v2\/product\/14876","targetHints":{"allow":["GET"]}}],"collection":[{"href":"https:\/\/tiendaflex.ec\/en\/wp-json\/wp\/v2\/product"}],"about":[{"href":"https:\/\/tiendaflex.ec\/en\/wp-json\/wp\/v2\/types\/product"}],"replies":[{"embeddable":true,"href":"https:\/\/tiendaflex.ec\/en\/wp-json\/wp\/v2\/comments?post=14876"}],"version-history":[{"count":3,"href":"https:\/\/tiendaflex.ec\/en\/wp-json\/wp\/v2\/product\/14876\/revisions"}],"predecessor-version":[{"id":16541,"href":"https:\/\/tiendaflex.ec\/en\/wp-json\/wp\/v2\/product\/14876\/revisions\/16541"}],"wp:featuredmedia":[{"embeddable":true,"href":"https:\/\/tiendaflex.ec\/en\/wp-json\/wp\/v2\/media\/14877"}],"wp:attachment":[{"href":"https:\/\/tiendaflex.ec\/en\/wp-json\/wp\/v2\/media?parent=14876"}],"wp:term":[{"taxonomy":"product_brand","embeddable":true,"href":"https:\/\/tiendaflex.ec\/en\/wp-json\/wp\/v2\/product_brand?post=14876"},{"taxonomy":"product_cat","embeddable":true,"href":"https:\/\/tiendaflex.ec\/en\/wp-json\/wp\/v2\/product_cat?post=14876"},{"taxonomy":"product_tag","embeddable":true,"href":"https:\/\/tiendaflex.ec\/en\/wp-json\/wp\/v2\/product_tag?post=14876"}],"curies":[{"name":"wp","href":"https:\/\/api.w.org\/{rel}","templated":true}]}}