{"id":14798,"date":"2025-03-20T12:29:05","date_gmt":"2025-03-20T17:29:05","guid":{"rendered":"https:\/\/tiendaflex.ec\/?post_type=product&#038;p=14798"},"modified":"2025-08-21T15:54:30","modified_gmt":"2025-08-21T20:54:30","slug":"waflera-doble-ind-iwafcr24-cr-700w","status":"publish","type":"product","link":"https:\/\/tiendaflex.ec\/en\/product\/waflera-doble-ind-iwafcr24-cr-700w\/","title":{"rendered":"IWAFCR24 CR 700W &#8211; WAFLERA DOBLE"},"content":{"rendered":"","protected":false},"excerpt":{"rendered":"<p>\u00a1Prepara waffles perfectos con facilidad y rapidez! La Waflera Doble IWAFCR24 CR te ofrece la opci\u00f3n ideal para disfrutar de unos deliciosos waffles con cocci\u00f3n uniforme y dorado a la perfecci\u00f3n.\u00bb<\/p>\n<p>\u00abCaracter\u00edsticas destacadas:<br \/>\n\u2705 Dise\u00f1o en acero inoxidable \u2013 Con detalles negros mate, elegante y resistente.<br \/>\n\u2705 Waflera doble \u2013 Cocina hasta dos waffles a la vez, ideal para toda la familia.<br \/>\n\u2705 Placas antiadherentes \u2013 Evitan que los waffles se peguen, facilitando la limpieza.<br \/>\n\u2705 Funci\u00f3n giratoria 180\u00b0 \u2013 Asegura una cocci\u00f3n homog\u00e9nea y perfecta.<br \/>\n\u2705 Ranuras profundas y bandeja de residuos \u2013 Para mayor facilidad y comodidad al cocinar.<br \/>\n\u2705 Opci\u00f3n de cocinado r\u00e1pido \u2013 Disfruta de tus waffles en minutos.<br \/>\n\u2705 Indicadores de \u201clisto\u201d y \u201cencendido\u201d con se\u00f1al ac\u00fastica \u2013 Facilita el control del tiempo de cocci\u00f3n.<br \/>\n\u2705 700W de potencia \u2013 Cocina de manera eficiente y r\u00e1pida.<\/p>\n<p>\ud83d\udccf Medidas:<br \/>\n\ud83d\udccc Alto: 20.3 cm<br \/>\n\ud83d\udccc Ancho: 20 cm<br \/>\n\ud83d\udccc Profundidad: 36.2 cm<\/p>\n<p>\ud83d\udcde Cont\u00e1ctanos y haz tu pedido: +593984123231<\/p>\n<p>\u00a1Haz que cada desayuno sea delicioso con la Waflera Doble IWAFCR24 CR! \ud83c\udf7d\ufe0f\u2728<\/p>","protected":false},"featured_media":14799,"comment_status":"open","ping_status":"closed","template":"","meta":{"_acf_changed":false},"product_brand":[],"product_cat":[549],"product_tag":[],"class_list":{"0":"post-14798","1":"product","2":"type-product","3":"status-publish","4":"has-post-thumbnail","6":"product_cat-electrodomesticos","8":"first","9":"instock","10":"sale","11":"taxable","12":"shipping-taxable","13":"purchasable","14":"product-type-simple"},"acf":[],"_links":{"self":[{"href":"https:\/\/tiendaflex.ec\/en\/wp-json\/wp\/v2\/product\/14798","targetHints":{"allow":["GET"]}}],"collection":[{"href":"https:\/\/tiendaflex.ec\/en\/wp-json\/wp\/v2\/product"}],"about":[{"href":"https:\/\/tiendaflex.ec\/en\/wp-json\/wp\/v2\/types\/product"}],"replies":[{"embeddable":true,"href":"https:\/\/tiendaflex.ec\/en\/wp-json\/wp\/v2\/comments?post=14798"}],"version-history":[{"count":3,"href":"https:\/\/tiendaflex.ec\/en\/wp-json\/wp\/v2\/product\/14798\/revisions"}],"predecessor-version":[{"id":15808,"href":"https:\/\/tiendaflex.ec\/en\/wp-json\/wp\/v2\/product\/14798\/revisions\/15808"}],"wp:featuredmedia":[{"embeddable":true,"href":"https:\/\/tiendaflex.ec\/en\/wp-json\/wp\/v2\/media\/14799"}],"wp:attachment":[{"href":"https:\/\/tiendaflex.ec\/en\/wp-json\/wp\/v2\/media?parent=14798"}],"wp:term":[{"taxonomy":"product_brand","embeddable":true,"href":"https:\/\/tiendaflex.ec\/en\/wp-json\/wp\/v2\/product_brand?post=14798"},{"taxonomy":"product_cat","embeddable":true,"href":"https:\/\/tiendaflex.ec\/en\/wp-json\/wp\/v2\/product_cat?post=14798"},{"taxonomy":"product_tag","embeddable":true,"href":"https:\/\/tiendaflex.ec\/en\/wp-json\/wp\/v2\/product_tag?post=14798"}],"curies":[{"name":"wp","href":"https:\/\/api.w.org\/{rel}","templated":true}]}}